{"id":30,"date":"2025-02-06T11:31:16","date_gmt":"2025-02-06T11:31:16","guid":{"rendered":"https:\/\/saaremaal.ee\/contact\/"},"modified":"2026-02-01T20:39:06","modified_gmt":"2026-02-01T18:39:06","slug":"kontakt","status":"publish","type":"page","link":"https:\/\/saaremaal.ee\/en\/kontakt\/","title":{"rendered":"Kontakt"},"content":{"rendered":"<h1>\n\t\tCONTACT US!\n\t<\/h1>\n\t<iframe src=\"https:\/\/www.google.com\/maps\/embed\/v1\/place?q=Uuelu%2C+K%C3%B5rkk%C3%BCla%2C+Saaremaa+vald+93527&#038;key=AIzaSyD09zQ9PNDNNy9TadMuzRV_UsPUoWKntt8\" aria-hidden=\"true\"><\/iframe>\n<h3>\n\t\tAadress\n\t<\/h3>\n\t<p>Uuelu<\/p>\n<p>K\u00f5rkk\u00fcla, Saaremaa 93527<\/p>\n<h3>\n\t\temail\n\t<\/h3>\n\t<p><a href=\"mailto:info@saaremaal.ee\">info@saaremaal.ee<\/a><\/p>\n<h3>\n\t\tTelephone\n\t<\/h3>\n\t<p>+327 53 810 616<\/p>","protected":false},"excerpt":{"rendered":"<p>V\u00d5TA \u00dcHENDUST! Aadress Uuelu K\u00f5rkk\u00fcla, Saaremaa 93527 E-mail info@saaremaal.ee Telefon +327 53 810 616<\/p>","protected":false},"author":1,"featured_media":0,"parent":0,"menu_order":0,"comment_status":"closed","ping_status":"closed","template":"","meta":{"footnotes":""},"class_list":["post-30","page","type-page","status-publish","hentry"],"aioseo_notices":[],"_links":{"self":[{"href":"https:\/\/saaremaal.ee\/en\/wp-json\/wp\/v2\/pages\/30","targetHints":{"allow":["GET"]}}],"collection":[{"href":"https:\/\/saaremaal.ee\/en\/wp-json\/wp\/v2\/pages"}],"about":[{"href":"https:\/\/saaremaal.ee\/en\/wp-json\/wp\/v2\/types\/page"}],"author":[{"embeddable":true,"href":"https:\/\/saaremaal.ee\/en\/wp-json\/wp\/v2\/users\/1"}],"replies":[{"embeddable":true,"href":"https:\/\/saaremaal.ee\/en\/wp-json\/wp\/v2\/comments?post=30"}],"version-history":[{"count":11,"href":"https:\/\/saaremaal.ee\/en\/wp-json\/wp\/v2\/pages\/30\/revisions"}],"predecessor-version":[{"id":706,"href":"https:\/\/saaremaal.ee\/en\/wp-json\/wp\/v2\/pages\/30\/revisions\/706"}],"wp:attachment":[{"href":"https:\/\/saaremaal.ee\/en\/wp-json\/wp\/v2\/media?parent=30"}],"curies":[{"name":"wp","href":"https:\/\/api.w.org\/{rel}","templated":true}]}}