{"id":34,"date":"2025-02-06T11:31:18","date_gmt":"2025-02-06T11:31:18","guid":{"rendered":"https:\/\/saaremaal.ee\/home\/"},"modified":"2026-02-27T20:42:46","modified_gmt":"2026-02-27T18:42:46","slug":"esileht","status":"publish","type":"page","link":"https:\/\/saaremaal.ee\/en\/","title":{"rendered":"Esileht"},"content":{"rendered":"<h1>\n\t\tEhtne puhkus Saaremaal &#8211; UUELU turismitalus\n\t<\/h1>\n\t<h5>Holiday home in Saaremaa right among the junipers!<\/h5>\n\t\t\t<a href=\"#broneerimine\" target=\"_self\">\n\t\t\t\t\t\t\tBOOK\n\t\t\t\t\t<\/a>\n\t<p>Uuelu Tourist Farm is a place in Saaremaa where time flows at a peaceful pace and the local nature creates the best vacation moments for you. Imagine waking up to the soft morning sun and birdsong, enjoying fresh coffee right in the middle of nature. Our cozy rooms, enchanting landscape and hospitality create the ideal place to forget about everyday life and let yourself be carried away by complete relaxation. Beautiful beaches and Lake Karuj\u00e4rv are located nearby.<\/p>\n<h2>\n\t\tCOME AND RELAX\n\t<\/h2>\n\t <div id=\"form_id529431211592\" class=\"wpbc_container wpbc_form wpbc_container_booking_form\" ><form id=\"booking_form1\" class=\"booking_form vertical\" method=\"post\" action=\"\" data-trp-original-action=\"\"><div id=\"ajax_respond_insert1\" class=\"ajax_respond_insert\" style=\"display:none;\"><\/div><a name=\"bklnk1\" id=\"bklnk1\"><\/a><div id=\"booking_form_div1\" class=\"booking_form_div\"><style type=\"text\/css\">.wpbc_container_booking_form .block_hints, .wpbc_booking_form_simple.wpbc_form_center .wpbc__form__div .wpbc__row.wpbc_r_calendar, .wpbc_booking_form_simple .wpbc__form__div .wpbc__row:not(.wpbc_r_calendar){max-width:440px;} <\/style>\n<div class=\"wpbc_booking_form_simple wpbc_booking_form_structure wpbc_form_center\">\n<div class=\"wpbc__form__div\">\n\t\t\t<div class=\"wpbc_r_calendar wpbc__row\">\n\t\t\t\t<div class=\"wpbc_r_calendar wpbc__field\"> <label>Select dates*<\/label><br><div class=\"wpbc_calendar_wraper wpbc_change_over_triangle\"><div class=\"wpbc_cal_container bk_calendar_frame wpbc_no_custom_width  months_num_in_row_ cal_month_num_1\" style=\"\"><div id=\"calendar_booking1\"  class=\"wpbc_calendar_id_1\" >\t<div class=\"calendar_loader_frame calendar_loader_frame1\"\r\n\t\tdata-wpbc-rid=\"1\"\r\n\t\tdata-wpbc-grace=\"8000\"\r\n\t\tstyle=\"--wpbc-loader-cols: 1;\"\r\n\t>\r\n\t\t<div class=\"calendar_loader_text\">Loading...<\/div>\r\n\t\t<div class=\"calendar_loader_frame__progress_line_container\">\r\n\t\t\t<div class=\"calendar_loader_frame__progress_line\"><\/div>\r\n\t\t<\/div>\r\n\t<\/div>\r\n\t<\/div><\/div><div style=\"font-size:7px;text-align:left;margin:0 0 10px;text-shadow: none;\">Powered by <a href=\"https:\/\/wpbookingcalendar.com\" style=\"font-size:7px;\" target=\"_blank\" title=\"Booking Calendar plugin for WordPress\">Booking Calendar<\/a><\/div><textarea id=\"date_booking1\" name=\"date_booking1\" autocomplete=\"off\" style=\"display:none;\"><\/textarea><div class=\"block_hints datepick\"><div class=\"wpdev_hint_with_text\"><div class=\"\"><div class=\"datepick-inline wpbc_calendar_legend_table_width_height\"><table class=\"datepick wpbc_calendar\" style=\"\"><tbody><tr><td class=\"datepick-days-cell date_available wpbc_calendar_legend_day_cell_height\"><div class=\"wpbc-cell-box\">\t<div class=\"date-cell-content\">\t\t<div class=\"date-content-top\"><\/div>\t\t<a>19<\/a>\t\t<div class=\"date-content-bottom\"><\/div>\t<\/div><\/div><\/td><\/tr><\/tbody><\/table><\/div><\/div><div class=\"block_text\">- <\/div><div class=\"block_text\">Free<\/div><\/div><div class=\"wpdev_hint_with_text\"><div class=\"\"><div class=\"datepick-inline wpbc_calendar_legend_table_width_height\"><table class=\"datepick wpbc_calendar\" style=\"\"><tbody><tr><td class=\"datepick-days-cell datepick-unselectable date_user_unavailable full_day_booking date_approved wpbc_calendar_legend_day_cell_height\"><div class=\"wpbc-cell-box\">\t<div class=\"date-cell-content\">\t\t<div class=\"date-content-top\"><\/div>\t\t<span>19<\/span>\t\t<div class=\"date-content-bottom\"><\/div>\t<\/div><\/div><\/td><\/tr><\/tbody><\/table><\/div><\/div><div class=\"block_text\">- <\/div><div class=\"block_text\">Reserved<\/div><\/div><div class=\"wpdev_hint_with_text\"><div class=\"\"><div class=\"datepick-inline wpbc_calendar_legend_table_width_height\"><table class=\"datepick wpbc_calendar\" style=\"\"><tbody><tr><td class=\"datepick-days-cell datepick-unselectable date_user_unavailable full_day_booking date2approve wpbc_calendar_legend_day_cell_height\"><div class=\"wpbc-cell-box\">\t<div class=\"date-cell-content\">\t\t<div class=\"date-content-top\"><\/div>\t\t<span>19<\/span>\t\t<div class=\"date-content-bottom\"><\/div>\t<\/div><\/div><\/td><\/tr><\/tbody><\/table><\/div><\/div><div class=\"block_text\">- <\/div><div class=\"block_text\">Under confirmation<\/div><\/div><\/div><\/div> <\/div>\n\t\t\t<\/div>\n\t\t\t<div class=\"wpbc__row\">\n\t\t\t\t<div class=\"wpbc_r_name wpbc__field\"> <label>First name<\/label><br><span class=\"wpbc_wrap_text wpdev-form-control-wrap name1\"><input type=\"text\" name=\"name1\" value=\"\" autocomplete=\"name\" class=\"wpdev-validates-as-required\" size=\"40\" \/><\/span> <\/div>\n\t\t\t<\/div>\n\t\t\t<div class=\"wpbc__row\">\n\t\t\t\t<div class=\"wpbc_r_secondname wpbc__field\"> <label>Last name<\/label><br><span class=\"wpbc_wrap_text wpdev-form-control-wrap secondname1\"><input type=\"text\" name=\"secondname1\" value=\"\" autocomplete=\"secondname\" class=\"wpdev-validates-as-required\" size=\"40\" \/><\/span> <\/div>\n\t\t\t<\/div>\n\t\t\t<div class=\"wpbc__row\">\n\t\t\t\t<div class=\"wpbc_r_email wpbc__field\"> <label>E-mail*<\/label><br><span class=\"wpbc_wrap_text wpdev-form-control-wrap email1\"><input type=\"email\" name=\"email1\" value=\"\" autocomplete=\"email\" class=\"wpdev-validates-as-email wpdev-validates-as-required\" size=\"40\" \/><\/span> <\/div>\n\t\t\t<\/div>\n\t\t\t<div class=\"wpbc__row\">\n\t\t\t\t<div class=\"wpbc_r_visitors wpbc__field\"> <label>Number of visitors*<\/label><br><span class=\"wpbc_wrap_select wpdev-form-control-wrap visitors1\"><select onchange=\"javascript:if(typeof( wpbc_show_cost_hints_after_few_seconds )=='function'){wpbc_show_cost_hints_after_few_seconds(1);}\" name=\"visitors1\" autocomplete=\"visitors\" class=\"wpdev-validates-as-required\"><option value=\"1\">1<\/option><option value=\"2\">2<\/option><option value=\"3\">3<\/option><option value=\"4\">4<\/option><option value=\"5\">5<\/option><option value=\"6\">6<\/option><option value=\"7\">7<\/option><option value=\"8\">8<\/option><option value=\"9\">9<\/option><option value=\"10\">10<\/option><option value=\"11\">11<\/option><option value=\"12\">12<\/option><option value=\"13\">13<\/option><option value=\"14\">14<\/option><option value=\"15\">15<\/option><\/select><\/span> <\/div>\n\t\t\t<\/div>\n\t\t\t<div class=\"wpbc__row\">\n\t\t\t\t<div class=\"wpbc_r_phone wpbc__field\"> <label>Phone*<\/label><br><span class=\"wpbc_wrap_text wpdev-form-control-wrap phone1\"><input type=\"text\" name=\"phone1\" value=\"\" autocomplete=\"phone\" class=\"wpdev-validates-as-required\" size=\"40\" \/><\/span> <\/div>\n\t\t\t<\/div>\n\t\t\t<div class=\"wpbc__row\">\n\t\t\t\t<div class=\"wpbc_r_details wpbc__field\"> <label>Additional information:<\/label><br><span class=\"wpbc_wrap_textarea wpdev-form-control-wrap details1\"><textarea name=\"details1\" autocomplete=\"details\"><\/textarea><\/span> <\/div>\n\t\t\t<\/div>\n\t\t\t<div class=\"wpbc__row\">\n\t\t\t\t<div class=\"wpbc_r_submit wpbc__field\"><input type=\"button\" value=\"SEND\" class=\"wpbc_button_light  btn btn\" onclick=\"wpbc_booking_form_submit(this.form,1, 'en_US');\" \/> <\/div>\n\t\t\t<\/div>\n<\/div>\n<\/div><input id=\"bk_type1\" name=\"bk_type1\" class=\"\" type=\"hidden\" value=\"1\" \/><\/div><div id=\"submiting1\"><\/div><div class=\"form_bk_messages\" id=\"form_bk_messages1\" ><\/div><input type=\"hidden\" id=\"wpbc_nonceCALCULATE_THE_COST1\" name=\"wpbc_nonceCALCULATE_THE_COST1\" value=\"83dc842326\" \/><input type=\"hidden\" name=\"_wp_http_referer\" value=\"\/en\/wp-json\/wp\/v2\/pages\/34\" \/><input type=\"hidden\" name=\"trp-form-language\" value=\"en\"\/><\/form><\/div><div id=\"booking_form_garbage1\" class=\"booking_form_garbage\"><\/div> \n<h2>\n\t\tAbout us\n\t<\/h2>\n\t<p>Once upon a time, there was a passionate fisherman who escaped the hustle and bustle of the city to live among the junipers. He had a long-standing dream of offering people something different, something that would find its way to the table straight from the nature of Saaremaa. This man fulfilled his dream and made it a reality. He renovated a former summer house into a modern Saaremaa tourist farm, complete with a hot sauna and a cozy interior. In addition, he began to wander around the sea and forests, infecting people with the fishing bug and offering visitors fish dishes made from fresh fish.<\/p>\n<p>&nbsp;<\/p>\n<p><strong>Seda k\u00f5ike saab meitel t\u00e4naseni&#8230;<\/strong><\/p>\n\t\t\t\t<img loading=\"lazy\" decoding=\"async\" src=\"https:\/\/saaremaal.ee\/wp-content\/uploads\/2025\/03\/IMG_0472-1-768x1024.jpeg\" alt=\"IMG_0472\" itemprop=\"image\" height=\"1024\" width=\"768\" title=\"IMG_0472\" onerror=\"this.style.display='none'\"  \/>\n<h2>\n\t\tGallery\n\t<\/h2>\n\t\t\t<img decoding=\"async\" loading='false' src=\"https:\/\/saaremaal.ee\/wp-content\/uploads\/2025\/03\/IMG_0504-1-scaled.jpeg\" alt=\"\" \/>\t\t\t\n\t\t\t<img decoding=\"async\" loading='false' src=\"https:\/\/saaremaal.ee\/wp-content\/uploads\/2025\/03\/IMG_0786-scaled.jpeg\" alt=\"\" \/>\t\t\t\n\t\t\t<img decoding=\"async\" loading='false' src=\"https:\/\/saaremaal.ee\/wp-content\/uploads\/2025\/03\/IMG_2025-scaled.jpeg\" alt=\"\" \/>\t\t\t\n\t\t\t<img decoding=\"async\" loading='false' src=\"https:\/\/saaremaal.ee\/wp-content\/uploads\/2025\/03\/IMG_0976-scaled.jpeg\" alt=\"\" \/>\t\t\t\n\t\t\t<img decoding=\"async\" loading='false' src=\"https:\/\/saaremaal.ee\/wp-content\/uploads\/2025\/03\/IMG_0971-scaled.jpeg\" alt=\"\" \/>\t\t\t\n\t\t\t<img decoding=\"async\" loading='false' src=\"https:\/\/saaremaal.ee\/wp-content\/uploads\/2025\/03\/IMG_0991-scaled.jpeg\" alt=\"\" \/>\t\t\t\n\t\t\t<img decoding=\"async\" loading='false' src=\"https:\/\/saaremaal.ee\/wp-content\/uploads\/2025\/03\/IMG_1110-scaled.jpeg\" alt=\"\" \/>\t\t\t\n\t\t\t<img decoding=\"async\" loading='false' src=\"https:\/\/saaremaal.ee\/wp-content\/uploads\/2025\/03\/1-44.jpeg\" alt=\"\" \/>\t\t\t\n\t\t\t<img decoding=\"async\" loading='false' src=\"https:\/\/saaremaal.ee\/wp-content\/uploads\/2025\/03\/1-25.jpeg\" alt=\"\" \/>\t\t\t\n\t\t\t<img decoding=\"async\" loading='false' src=\"https:\/\/saaremaal.ee\/wp-content\/uploads\/2025\/03\/1-42-1.jpeg\" alt=\"\" \/>\t\t\t\n\t\t\t<img decoding=\"async\" loading='false' src=\"https:\/\/saaremaal.ee\/wp-content\/uploads\/2025\/03\/IMG_1274-scaled.jpeg\" alt=\"\" \/>\t\t\t\n<h1>\n\t\tCONTACT US!\n\t<\/h1>\n<h3>\n\t\tAadress\n\t<\/h3>\n\t<p>Uuelu<\/p>\n<p>K\u00f5rkk\u00fcla, Saaremaa 93527<\/p>\n<h3>\n\t\temail\n\t<\/h3>\n\t<p><a href=\"mailto:info@saaremaal.ee\">info@saaremaal.ee<\/a><\/p>\n<h3>\n\t\tTelephone\n\t<\/h3>\n\t<p>+372 53 810 616<\/p>","protected":false},"excerpt":{"rendered":"<p>Ehtne puhkus Saaremaal &#8211; UUELU turismitalus Puhkemaja Saaremaal otse kadakate vahel! BRONEERI Uuelu turismitalu on koht Saaremaal, kus aeg kulgeb rahulikus r\u00fctmis ja kohalik loodus loob teile parimad puhkusehetked. Kujutle end \u00e4rkamas pehme hommikup\u00e4ikese ja linnulaulu saatel, nautides v\u00e4rsket kohvi otse looduse keskel. Meie hubased toad, lummav maastik ja k\u00fclalislahkus loovad ideaalse paiga, kus unustada&hellip;<\/p>","protected":false},"author":1,"featured_media":0,"parent":0,"menu_order":0,"comment_status":"closed","ping_status":"closed","template":"","meta":{"footnotes":""},"class_list":["post-34","page","type-page","status-publish","hentry"],"aioseo_notices":[],"_links":{"self":[{"href":"https:\/\/saaremaal.ee\/en\/wp-json\/wp\/v2\/pages\/34","targetHints":{"allow":["GET"]}}],"collection":[{"href":"https:\/\/saaremaal.ee\/en\/wp-json\/wp\/v2\/pages"}],"about":[{"href":"https:\/\/saaremaal.ee\/en\/wp-json\/wp\/v2\/types\/page"}],"author":[{"embeddable":true,"href":"https:\/\/saaremaal.ee\/en\/wp-json\/wp\/v2\/users\/1"}],"replies":[{"embeddable":true,"href":"https:\/\/saaremaal.ee\/en\/wp-json\/wp\/v2\/comments?post=34"}],"version-history":[{"count":110,"href":"https:\/\/saaremaal.ee\/en\/wp-json\/wp\/v2\/pages\/34\/revisions"}],"predecessor-version":[{"id":741,"href":"https:\/\/saaremaal.ee\/en\/wp-json\/wp\/v2\/pages\/34\/revisions\/741"}],"wp:attachment":[{"href":"https:\/\/saaremaal.ee\/en\/wp-json\/wp\/v2\/media?parent=34"}],"curies":[{"name":"wp","href":"https:\/\/api.w.org\/{rel}","templated":true}]}}